{"id":11,"date":"2026-02-28T14:25:54","date_gmt":"2026-02-28T13:25:54","guid":{"rendered":"https:\/\/rejentki.pl\/?page_id=11"},"modified":"2026-02-28T18:12:44","modified_gmt":"2026-02-28T17:12:44","slug":"czynnosci-notarialne","status":"publish","type":"page","link":"https:\/\/rejentki.pl\/index.php\/czynnosci-notarialne\/","title":{"rendered":"czynnosci-notarialne"},"content":{"rendered":"\n<p>\u015awiadczymy szeroki zakres us\u0142ug notarialnych, zapewniaj\u0105c profesjonalne i rzetelne wsparcie w ka\u017cdej sprawie.<br>Nasze us\u0142ugi s\u0105 dostosowane do indywidualnych potrzeb klient\u00f3w.<\/p>\n\n\n\n<p>Akty notarialne<br>Sporz\u0105dzamy akty notarialne, w tym umowy sprzeda\u017cy, darowizny, zamiany, ustanowienia s\u0142u\u017cebno\u015bci oraz inne czynno\u015bci, dla kt\u00f3rych forma aktu notarialnego jest wymagana przez prawo.<\/p>\n\n\n\n<p>Po\u015bwiadczenia<br>Uwierzytelniamy podpisy, zgodno\u015b\u0107 odpis\u00f3w, wyci\u0105g\u00f3w i kopii z okazanymi dokumentami, daty okazania dokument\u00f3w oraz pozostawanie osoby przy \u017cyciu lub w okre\u015blonym miejscu.<\/p>\n\n\n\n<p>Depozyt notarialny<br>Przyjmujemy na przechowanie pieni\u0105dze, papiery warto\u015bciowe i dokumenty w zwi\u0105zku z dokonywanymi czynno\u015bciami notarialnymi.<\/p>\n\n\n\n<p>Inne czynno\u015bci<br>Sporz\u0105dzamy protoko\u0142y, protesty weksli i czek\u00f3w, wypisy, odpisy i wyci\u0105gi dokument\u00f3w.<\/p>\n\n\n\n<ul class=\"wp-block-list\">\n<li>Umowy sprzeda\u017cy, darowizny, zamiany<\/li>\n\n\n\n<li>Umowy maj\u0105tkowe ma\u0142\u017ce\u0144skie<\/li>\n\n\n\n<li>Po\u015bwiadczenia dziedziczenia, protoko\u0142y<\/li>\n\n\n\n<li>Pe\u0142nomocnictwa i po\u015bwiadczenia podpis\u00f3w<\/li>\n\n\n\n<li>Sp\u00f3\u0142ki \u2013 umowy, zmiany, uchwa\u0142y<\/li>\n<\/ul>\n","protected":false},"excerpt":{"rendered":"<p>\u015awiadczymy szeroki zakres us\u0142ug notarialnych, zapewniaj\u0105c profesjonalne i rzetelne wsparcie w ka\u017cdej sprawie.Nasze us\u0142ugi s\u0105 dostosowane do indywidualnych potrzeb klient\u00f3w. Akty notarialneSporz\u0105dzamy akty notarialne, w tym umowy sprzeda\u017cy, darowizny, zamiany, ustanowienia s\u0142u\u017cebno\u015bci oraz inne czynno\u015bci, dla kt\u00f3rych forma aktu notarialnego jest wymagana przez prawo. Po\u015bwiadczeniaUwierzytelniamy podpisy, zgodno\u015b\u0107 odpis\u00f3w, wyci\u0105g\u00f3w i kopii z okazanymi dokumentami, daty [&hellip;]<\/p>\n","protected":false},"author":1,"featured_media":0,"parent":0,"menu_order":0,"comment_status":"closed","ping_status":"closed","template":"","meta":{"footnotes":""},"class_list":["post-11","page","type-page","status-publish","hentry"],"_links":{"self":[{"href":"https:\/\/rejentki.pl\/index.php\/wp-json\/wp\/v2\/pages\/11","targetHints":{"allow":["GET"]}}],"collection":[{"href":"https:\/\/rejentki.pl\/index.php\/wp-json\/wp\/v2\/pages"}],"about":[{"href":"https:\/\/rejentki.pl\/index.php\/wp-json\/wp\/v2\/types\/page"}],"author":[{"embeddable":true,"href":"https:\/\/rejentki.pl\/index.php\/wp-json\/wp\/v2\/users\/1"}],"replies":[{"embeddable":true,"href":"https:\/\/rejentki.pl\/index.php\/wp-json\/wp\/v2\/comments?post=11"}],"version-history":[{"count":3,"href":"https:\/\/rejentki.pl\/index.php\/wp-json\/wp\/v2\/pages\/11\/revisions"}],"predecessor-version":[{"id":52,"href":"https:\/\/rejentki.pl\/index.php\/wp-json\/wp\/v2\/pages\/11\/revisions\/52"}],"wp:attachment":[{"href":"https:\/\/rejentki.pl\/index.php\/wp-json\/wp\/v2\/media?parent=11"}],"curies":[{"name":"wp","href":"https:\/\/api.w.org\/{rel}","templated":true}]}}