{"id":13,"date":"2026-02-28T14:26:07","date_gmt":"2026-02-28T13:26:07","guid":{"rendered":"https:\/\/rejentki.pl\/?page_id=13"},"modified":"2026-02-28T18:57:18","modified_gmt":"2026-02-28T17:57:18","slug":"dokumenty","status":"publish","type":"page","link":"https:\/\/rejentki.pl\/index.php\/dokumenty\/","title":{"rendered":"dokumenty"},"content":{"rendered":"\n<h3 class=\"wp-block-heading\"><strong>Wymagane dokumenty do czynno\u015bci notarialnych<\/strong><\/h3>\n\n\n\n<p>Poni\u017cej znajduje si\u0119 lista dokument\u00f3w wymaganych do najcz\u0119\u015bciej wykonywanych czynno\u015bci notarialnych. Wybierz interesuj\u0105c\u0105 Ci\u0119 czynno\u015b\u0107 i sprawd\u017a wymagania.<\/p>\n\n\n\n<p><\/p>\n","protected":false},"excerpt":{"rendered":"<p>Wymagane dokumenty do czynno\u015bci notarialnych Poni\u017cej znajduje si\u0119 lista dokument\u00f3w wymaganych do najcz\u0119\u015bciej wykonywanych czynno\u015bci notarialnych. Wybierz interesuj\u0105c\u0105 Ci\u0119 czynno\u015b\u0107 i sprawd\u017a wymagania.<\/p>\n","protected":false},"author":1,"featured_media":0,"parent":0,"menu_order":0,"comment_status":"closed","ping_status":"closed","template":"","meta":{"footnotes":""},"class_list":["post-13","page","type-page","status-publish","hentry"],"_links":{"self":[{"href":"https:\/\/rejentki.pl\/index.php\/wp-json\/wp\/v2\/pages\/13","targetHints":{"allow":["GET"]}}],"collection":[{"href":"https:\/\/rejentki.pl\/index.php\/wp-json\/wp\/v2\/pages"}],"about":[{"href":"https:\/\/rejentki.pl\/index.php\/wp-json\/wp\/v2\/types\/page"}],"author":[{"embeddable":true,"href":"https:\/\/rejentki.pl\/index.php\/wp-json\/wp\/v2\/users\/1"}],"replies":[{"embeddable":true,"href":"https:\/\/rejentki.pl\/index.php\/wp-json\/wp\/v2\/comments?post=13"}],"version-history":[{"count":6,"href":"https:\/\/rejentki.pl\/index.php\/wp-json\/wp\/v2\/pages\/13\/revisions"}],"predecessor-version":[{"id":66,"href":"https:\/\/rejentki.pl\/index.php\/wp-json\/wp\/v2\/pages\/13\/revisions\/66"}],"wp:attachment":[{"href":"https:\/\/rejentki.pl\/index.php\/wp-json\/wp\/v2\/media?parent=13"}],"curies":[{"name":"wp","href":"https:\/\/api.w.org\/{rel}","templated":true}]}}