{"id":15,"date":"2026-02-28T14:26:20","date_gmt":"2026-02-28T13:26:20","guid":{"rendered":"https:\/\/rejentki.pl\/?page_id=15"},"modified":"2026-02-28T18:14:15","modified_gmt":"2026-02-28T17:14:15","slug":"oplaty","status":"publish","type":"page","link":"https:\/\/rejentki.pl\/index.php\/oplaty\/","title":{"rendered":"oplaty"},"content":{"rendered":"\n<p>Op\u0142aty notarialne w naszej Kancelarii<\/p>\n\n\n\n<p>Sk\u0142adowe op\u0142at notarialnych<br>Na ca\u0142kowity koszt czynno\u015bci notarialnej sk\u0142adaj\u0105 si\u0119:<\/p>\n\n\n\n<p>Podatek od czynno\u015bci cywilnoprawnych (PCC) \u2013 pobierany zgodnie z ustaw\u0105 o podatku od czynno\u015bci cywilnoprawnych, i przekazywany do w\u0142a\u015bciwego Naczelnika Urz\u0119du Skarbowego.<br>Podatek od spadk\u00f3w i darowizn \u2013 pobierany zgodnie z ustaw\u0105 o podatku od spadk\u00f3w i darowizn, i przekazywany do w\u0142a\u015bciwego Naczelnika Urz\u0119du Skarbowego.<br>Op\u0142aty s\u0105dowe \u2013 pobierane zgodnie z ustaw\u0105 o kosztach s\u0105dowych w sprawach cywilnych, i przekazywane do w\u0142a\u015bciwego S\u0105du.<br>Wynagrodzenie Notariusza (taksa notarialna) \u2013 wynagrodzenie notariusza za dokonan\u0105 czynno\u015b\u0107, ustalane zgodnie z rozporz\u0105dzeniem Ministra Sprawiedliwo\u015bci w sprawie maksymalnych stawek taksy notarialnej.<br>Podane kwoty taksy notarialnej s\u0105 kwotami netto, do kt\u00f3rych nale\u017cy doliczy\u0107 podatek VAT<br>w wysoko\u015bci 23%.<\/p>\n\n\n\n<p>P\u0142atno\u015bci<br>Rachunki bankowe Kancelarii Notarialnej Ma\u0142gorzata Lenart Ilona Roczniak:<\/p>\n\n\n\n<p><strong>Rachunek do wp\u0142at na poczet podatk\u00f3w, op\u0142at s\u0105dowych oraz taksy notarialnej:<\/strong><br>mBank 90 1140 2017 0000 4802 0808 9700<\/p>\n\n\n\n<p><strong>Rachunek depozytowy w PLN:<\/strong><br>mBank 44 1140 2017 0000 4702 0977 0811<\/p>\n\n\n\n<p>Wszystkie koszty zwi\u0105zane z dokonywanymi w Kancelarii czynno\u015bciami mo\u017cecie Pa\u0144stwo ui\u015bci\u0107:<\/p>\n\n\n\n<p>got\u00f3wk\u0105<br>kart\u0105 (z wyj\u0105tkiem podatk\u00f3w i op\u0142at s\u0105dowych \u2013 tu jedynie p\u0142atno\u015b\u0107 got\u00f3wk\u0105 lub przelewem)<br>przelewem (kwota musi by\u0107 zaksi\u0119gowana na rachunku Kancelarii)<br>W celu obliczenia wszystkich op\u0142at zwi\u0105zanych z planowanymi czynno\u015bciami notarialnymi,<br>prosimy o kontakt z Kancelari\u0105.<\/p>\n\n\n\n<ul class=\"wp-block-list\">\n<li>Taksa notarialna \u2013 zgodnie z rozporz\u0105dzeniem<\/li>\n\n\n\n<li>Podatki i op\u0142aty s\u0105dowe \u2013 zale\u017cnie od sprawy<\/li>\n\n\n\n<li>Wypisy aktu \u2013 wed\u0142ug liczby stron<\/li>\n<\/ul>\n","protected":false},"excerpt":{"rendered":"<p>Op\u0142aty notarialne w naszej Kancelarii Sk\u0142adowe op\u0142at notarialnychNa ca\u0142kowity koszt czynno\u015bci notarialnej sk\u0142adaj\u0105 si\u0119: Podatek od czynno\u015bci cywilnoprawnych (PCC) \u2013 pobierany zgodnie z ustaw\u0105 o podatku od czynno\u015bci cywilnoprawnych, i przekazywany do w\u0142a\u015bciwego Naczelnika Urz\u0119du Skarbowego.Podatek od spadk\u00f3w i darowizn \u2013 pobierany zgodnie z ustaw\u0105 o podatku od spadk\u00f3w i darowizn, i przekazywany do w\u0142a\u015bciwego [&hellip;]<\/p>\n","protected":false},"author":1,"featured_media":0,"parent":0,"menu_order":0,"comment_status":"closed","ping_status":"closed","template":"","meta":{"footnotes":""},"class_list":["post-15","page","type-page","status-publish","hentry"],"_links":{"self":[{"href":"https:\/\/rejentki.pl\/index.php\/wp-json\/wp\/v2\/pages\/15","targetHints":{"allow":["GET"]}}],"collection":[{"href":"https:\/\/rejentki.pl\/index.php\/wp-json\/wp\/v2\/pages"}],"about":[{"href":"https:\/\/rejentki.pl\/index.php\/wp-json\/wp\/v2\/types\/page"}],"author":[{"embeddable":true,"href":"https:\/\/rejentki.pl\/index.php\/wp-json\/wp\/v2\/users\/1"}],"replies":[{"embeddable":true,"href":"https:\/\/rejentki.pl\/index.php\/wp-json\/wp\/v2\/comments?post=15"}],"version-history":[{"count":3,"href":"https:\/\/rejentki.pl\/index.php\/wp-json\/wp\/v2\/pages\/15\/revisions"}],"predecessor-version":[{"id":53,"href":"https:\/\/rejentki.pl\/index.php\/wp-json\/wp\/v2\/pages\/15\/revisions\/53"}],"wp:attachment":[{"href":"https:\/\/rejentki.pl\/index.php\/wp-json\/wp\/v2\/media?parent=15"}],"curies":[{"name":"wp","href":"https:\/\/api.w.org\/{rel}","templated":true}]}}