{"id":17,"date":"2026-02-28T14:27:03","date_gmt":"2026-02-28T13:27:03","guid":{"rendered":"https:\/\/rejentki.pl\/?page_id=17"},"modified":"2026-02-28T18:42:35","modified_gmt":"2026-02-28T17:42:35","slug":"przydatne-linki","status":"publish","type":"page","link":"https:\/\/rejentki.pl\/index.php\/przydatne-linki\/","title":{"rendered":"przydatne-linki"},"content":{"rendered":"\n<p>Znajdziesz tutaj zbi\u00f3r link\u00f3w do stron internetowych, kt\u00f3re mog\u0105 by\u0107 przydatne w r\u00f3\u017cnych sprawach notarialnych i prawnych. Zapewniamy \u0142atwy dost\u0119p do rejestr\u00f3w publicznych, instytucji oraz innych zasob\u00f3w, kt\u00f3re pomog\u0105 Ci w uzyskaniu potrzebnych informacji.<\/p>\n\n\n\n<p><strong>Szybki dost\u0119p do najwa\u017cniejszych rejestr\u00f3w publicznych,<\/strong><br><strong>kt\u00f3re mog\u0105 by\u0107 niezb\u0119dne w procesach notarialnych:<\/strong><\/p>\n\n\n\n<ul class=\"wp-block-list\">\n<li><a href=\"https:\/\/ekw.ms.gov.pl\/\">Elektroniczne Ksi\u0119gi Wieczyste (EKW)<\/a><\/li>\n\n\n\n<li><a href=\"https:\/\/ekrs.ms.gov.pl\/\">Krajowy Rejestr S\u0105dowy (KRS)<\/a><\/li>\n\n\n\n<li><a href=\"https:\/\/prs.ms.gov.pl\/\">Portal Rejestr\u00f3w S\u0105dowych (PRS)<\/a><\/li>\n\n\n\n<li><a href=\"https:\/\/krz.ms.gov.pl\/\">Krajowy Rejestr Zad\u0142u\u017conych (KRZ)<\/a><\/li>\n\n\n\n<li><a href=\"https:\/\/www.biznes.gov.pl\/pl\/firma\/zakladanie-firmy\/chce-zarejestrowac-firme\/jak-zalozyc-dzialalnosc-gospodarcza- krok-po-kroku\">Centralna Ewidencja i Informacja o Dzia\u0142alno\u015bci Gospodarczej (CEIDG)<\/a><\/li>\n\n\n\n<li><a href=\"https:\/\/crbr.podatki.gov.pl\/\">Centralny Rejestr Beneficjent\u00f3w Rzeczywistych (CRBR)<\/a><\/li>\n\n\n\n<li><a href=\"https:\/\/rejestrynotarialne.pl\/RejestrTestamentowPubliczny\">Rejestr Spadkowy<\/a><\/li>\n\n\n\n<li><a href=\"https:\/\/rejestrynotarialne.pl\/NotarialnyRejestrTestamentow\">Notarialny Rejestr Testament\u00f3w<\/a><\/li>\n<\/ul>\n\n\n\n<p><strong>Oto linki do stron internetowych instytucji, z kt\u00f3rymi wsp\u00f3\u0142pracujemy:<\/strong><\/p>\n\n\n\n<ul class=\"wp-block-list\">\n<li><a href=\"https:\/\/rin.pl\/\">Rada Izby Notarialnej we Wroc\u0142awiu<\/a><\/li>\n\n\n\n<li><a href=\"https:\/\/wroclaw.so.gov.pl\/\">S\u0105d Okr\u0119gowy we Wroc\u0142awiu<\/a><\/li>\n\n\n\n<li><a href=\"https:\/\/wroclaw-krzyki.sr.gov.pl\/\">S\u0105d Rejonowy dla Wroc\u0142awia-Krzyk\u00f3w we Wroc\u0142awiu IV Wydzia\u0142 Ksi\u0105g Wieczystych<\/a><\/li>\n\n\n\n<li><a href=\"https:\/\/wroclaw-fabryczna.sr.gov.pl\/\">S\u0105d Rejonowy dla Wroc\u0142awia-Fabrycznej we Wroc\u0142awiu VI Wydzia\u0142 Gospodarczy KRS<\/a><\/li>\n\n\n\n<li><a href=\"https:\/\/www.wroclaw.pl\/\">Urz\u0105d Miejski Wroc\u0142awia<\/a><\/li>\n\n\n\n<li><a href=\"https:\/\/www.wroclaw.pl\/zarzad-geodezji-kartografii-i-katastru-miejskiego-wroclawia\">Zarz\u0105d Geodezji, Kartografii i Katastru Miejskiego Wroc\u0142awia<\/a><\/li>\n\n\n\n<li><a href=\"https:\/\/www.wroclaw.pl\/powiatowy-zaklad-katastralny-we-wroclawiu\">Powiatowy Zak\u0142ad Katastralny we Wroc\u0142awiu<\/a><\/li>\n<\/ul>\n\n\n\n<p><strong>Poni\u017cej znajdziesz linki do przydatnych stron i formularzy:<\/strong><\/p>\n\n\n\n<ul class=\"wp-block-list\">\n<li><a href=\"https:\/\/bip.ms.gov.pl\/pl\/rejestry-i-ewidencje\/tlumacze-przysiegli\/lista-tlumaczy-przysieglych\/\">Lista t\u0142umaczy przysi\u0119g\u0142ych<\/a><\/li>\n\n\n\n<li><a href=\"https:\/\/www.podatki.gov.pl\/spadki-darowizny\/formularze-spadki-darowizny\/\">Formularz SD-Z2 (zg\u0142oszenie nabycia spadku)<\/a><\/li>\n\n\n\n<li><a href=\"https:\/\/www.podatki.gov.pl\/podatki-lokalne\/formularze\/in-1-informacja-o-nieruchomosciach-i-obiektach-budowlanych\/\">Formularz IN-1 (zg\u0142oszenie nabycia nieruchomo\u015bci)<\/a><\/li>\n\n\n\n<li><a href=\"https:\/\/www.podatki.gov.pl\/media\/7451\/zal_do_in_1_broszura.pdf\">Instrukcja wype\u0142niania formularza IN-1<\/a><\/li>\n\n\n\n<li><a href=\"https:\/\/www.gov.pl\/web\/sprawiedliwosc\/postepowanie-przed-sadami-rejestrowymi\">Formularz KW-WPIS (post\u0119powanie wieczystoksi\u0119gowe)<\/a><\/li>\n<\/ul>\n","protected":false},"excerpt":{"rendered":"<p>Znajdziesz tutaj zbi\u00f3r link\u00f3w do stron internetowych, kt\u00f3re mog\u0105 by\u0107 przydatne w r\u00f3\u017cnych sprawach notarialnych i prawnych. Zapewniamy \u0142atwy dost\u0119p do rejestr\u00f3w publicznych, instytucji oraz innych zasob\u00f3w, kt\u00f3re pomog\u0105 Ci w uzyskaniu potrzebnych informacji. Szybki dost\u0119p do najwa\u017cniejszych rejestr\u00f3w publicznych,kt\u00f3re mog\u0105 by\u0107 niezb\u0119dne w procesach notarialnych: Oto linki do stron internetowych instytucji, z kt\u00f3rymi wsp\u00f3\u0142pracujemy: [&hellip;]<\/p>\n","protected":false},"author":1,"featured_media":0,"parent":0,"menu_order":0,"comment_status":"closed","ping_status":"closed","template":"","meta":{"footnotes":""},"class_list":["post-17","page","type-page","status-publish","hentry"],"_links":{"self":[{"href":"https:\/\/rejentki.pl\/index.php\/wp-json\/wp\/v2\/pages\/17","targetHints":{"allow":["GET"]}}],"collection":[{"href":"https:\/\/rejentki.pl\/index.php\/wp-json\/wp\/v2\/pages"}],"about":[{"href":"https:\/\/rejentki.pl\/index.php\/wp-json\/wp\/v2\/types\/page"}],"author":[{"embeddable":true,"href":"https:\/\/rejentki.pl\/index.php\/wp-json\/wp\/v2\/users\/1"}],"replies":[{"embeddable":true,"href":"https:\/\/rejentki.pl\/index.php\/wp-json\/wp\/v2\/comments?post=17"}],"version-history":[{"count":6,"href":"https:\/\/rejentki.pl\/index.php\/wp-json\/wp\/v2\/pages\/17\/revisions"}],"predecessor-version":[{"id":61,"href":"https:\/\/rejentki.pl\/index.php\/wp-json\/wp\/v2\/pages\/17\/revisions\/61"}],"wp:attachment":[{"href":"https:\/\/rejentki.pl\/index.php\/wp-json\/wp\/v2\/media?parent=17"}],"curies":[{"name":"wp","href":"https:\/\/api.w.org\/{rel}","templated":true}]}}