{"id":19,"date":"2026-02-28T14:27:14","date_gmt":"2026-02-28T13:27:14","guid":{"rendered":"https:\/\/rejentki.pl\/?page_id=19"},"modified":"2026-02-28T18:48:41","modified_gmt":"2026-02-28T17:48:41","slug":"kontakt","status":"publish","type":"page","link":"https:\/\/rejentki.pl\/index.php\/kontakt\/","title":{"rendered":"kontakt"},"content":{"rendered":"\n<p>Kancelaria usytuowana jest w budynku po\u0142o\u017conym na rogu ulic Skwierzy\u0144skiej oraz Zaporoskiej. Lokal znajduje si\u0119 na IV pi\u0119trze budynku, kt\u00f3ry wyposa\u017cony jest w wind\u0119. Bezp\u0142atny parking jest dost\u0119pny bezpo\u015brednio przy budynku, wzd\u0142u\u017c ulicy.<\/p>\n","protected":false},"excerpt":{"rendered":"<p>Kancelaria usytuowana jest w budynku po\u0142o\u017conym na rogu ulic Skwierzy\u0144skiej oraz Zaporoskiej. Lokal znajduje si\u0119 na IV pi\u0119trze budynku, kt\u00f3ry wyposa\u017cony jest w wind\u0119. Bezp\u0142atny parking jest dost\u0119pny bezpo\u015brednio przy budynku, wzd\u0142u\u017c ulicy.<\/p>\n","protected":false},"author":1,"featured_media":0,"parent":0,"menu_order":0,"comment_status":"closed","ping_status":"closed","template":"","meta":{"footnotes":""},"class_list":["post-19","page","type-page","status-publish","hentry"],"_links":{"self":[{"href":"https:\/\/rejentki.pl\/index.php\/wp-json\/wp\/v2\/pages\/19","targetHints":{"allow":["GET"]}}],"collection":[{"href":"https:\/\/rejentki.pl\/index.php\/wp-json\/wp\/v2\/pages"}],"about":[{"href":"https:\/\/rejentki.pl\/index.php\/wp-json\/wp\/v2\/types\/page"}],"author":[{"embeddable":true,"href":"https:\/\/rejentki.pl\/index.php\/wp-json\/wp\/v2\/users\/1"}],"replies":[{"embeddable":true,"href":"https:\/\/rejentki.pl\/index.php\/wp-json\/wp\/v2\/comments?post=19"}],"version-history":[{"count":3,"href":"https:\/\/rejentki.pl\/index.php\/wp-json\/wp\/v2\/pages\/19\/revisions"}],"predecessor-version":[{"id":62,"href":"https:\/\/rejentki.pl\/index.php\/wp-json\/wp\/v2\/pages\/19\/revisions\/62"}],"wp:attachment":[{"href":"https:\/\/rejentki.pl\/index.php\/wp-json\/wp\/v2\/media?parent=19"}],"curies":[{"name":"wp","href":"https:\/\/api.w.org\/{rel}","templated":true}]}}