{"id":31,"date":"2026-02-28T15:16:42","date_gmt":"2026-02-28T14:16:42","guid":{"rendered":"https:\/\/rejentki.pl\/?page_id=31"},"modified":"2026-02-28T18:59:18","modified_gmt":"2026-02-28T17:59:18","slug":"nieruchomosci","status":"publish","type":"page","link":"https:\/\/rejentki.pl\/index.php\/dokumenty\/nieruchomosci\/","title":{"rendered":"DAROWIZNA DZIA\u0141KI"},"content":{"rendered":"\n<p><strong>Darowizna nieruchomo\u015bci gruntowej (dzia\u0142ki)<\/strong><\/p>\n\n\n\n<ul class=\"wp-block-list\">\n<li>Dane stron<\/li>\n\n\n\n<li>Numer ksi\u0119gi wieczystej<\/li>\n\n\n\n<li>Podstawa nabycia nieruchomo\u015bci<\/li>\n\n\n\n<li>Wypis z rejestru grunt\u00f3w<\/li>\n\n\n\n<li>Wyrys z mapy ewidencyjnej (je\u017celi wymagany)<\/li>\n\n\n\n<li>Dokumenty podzia\u0142owe (je\u017celi dzia\u0142ka z podzia\u0142u)<\/li>\n\n\n\n<li>Wypis z planu miejscowego lub za\u015bwiadczenie o jego braku<\/li>\n\n\n\n<li>Decyzja o warunkach zabudowy (je\u017celi wydana)<\/li>\n\n\n\n<li>Wypis z kartoteki budynk\u00f3w (je\u017celi zabudowana)<\/li>\n<\/ul>\n\n\n\n<p><\/p>\n","protected":false},"excerpt":{"rendered":"<p>Darowizna nieruchomo\u015bci gruntowej (dzia\u0142ki)<\/p>\n","protected":false},"author":1,"featured_media":0,"parent":13,"menu_order":0,"comment_status":"closed","ping_status":"closed","template":"","meta":{"footnotes":""},"class_list":["post-31","page","type-page","status-publish","hentry"],"_links":{"self":[{"href":"https:\/\/rejentki.pl\/index.php\/wp-json\/wp\/v2\/pages\/31","targetHints":{"allow":["GET"]}}],"collection":[{"href":"https:\/\/rejentki.pl\/index.php\/wp-json\/wp\/v2\/pages"}],"about":[{"href":"https:\/\/rejentki.pl\/index.php\/wp-json\/wp\/v2\/types\/page"}],"author":[{"embeddable":true,"href":"https:\/\/rejentki.pl\/index.php\/wp-json\/wp\/v2\/users\/1"}],"replies":[{"embeddable":true,"href":"https:\/\/rejentki.pl\/index.php\/wp-json\/wp\/v2\/comments?post=31"}],"version-history":[{"count":5,"href":"https:\/\/rejentki.pl\/index.php\/wp-json\/wp\/v2\/pages\/31\/revisions"}],"predecessor-version":[{"id":69,"href":"https:\/\/rejentki.pl\/index.php\/wp-json\/wp\/v2\/pages\/31\/revisions\/69"}],"up":[{"embeddable":true,"href":"https:\/\/rejentki.pl\/index.php\/wp-json\/wp\/v2\/pages\/13"}],"wp:attachment":[{"href":"https:\/\/rejentki.pl\/index.php\/wp-json\/wp\/v2\/media?parent=31"}],"curies":[{"name":"wp","href":"https:\/\/api.w.org\/{rel}","templated":true}]}}