{"id":44,"date":"2026-02-28T17:10:14","date_gmt":"2026-02-28T16:10:14","guid":{"rendered":"https:\/\/rejentki.pl\/?page_id=44"},"modified":"2026-02-28T19:00:33","modified_gmt":"2026-02-28T18:00:33","slug":"spolki","status":"publish","type":"page","link":"https:\/\/rejentki.pl\/index.php\/dokumenty\/spolki\/","title":{"rendered":"DAROWIZNA LOKALU"},"content":{"rendered":"\n<p><strong>Darowizna lokalu stanowi\u0105cego odr\u0119bn\u0105 nieruchomo\u015b\u0107<\/strong><\/p>\n\n\n\n<ul class=\"wp-block-list\">\n<li>Dane stron<\/li>\n\n\n\n<li>Numer ksi\u0119gi wieczystej<\/li>\n\n\n\n<li>Podstawa nabycia lokalu<\/li>\n\n\n\n<li>Warto\u015b\u0107 rynkowa lokalu<\/li>\n\n\n\n<li>Termin wydania<\/li>\n\n\n\n<li>Za\u015bwiadczenie z Urz\u0119du Skarbowego (je\u017celi wymagane)<\/li>\n\n\n\n<li>Pe\u0142nomocnictwo (je\u017celi dotyczy)<\/li>\n<\/ul>\n\n\n\n<p><\/p>\n","protected":false},"excerpt":{"rendered":"<p>Darowizna lokalu stanowi\u0105cego odr\u0119bn\u0105 nieruchomo\u015b\u0107<\/p>\n","protected":false},"author":1,"featured_media":0,"parent":13,"menu_order":0,"comment_status":"closed","ping_status":"closed","template":"","meta":{"footnotes":""},"class_list":["post-44","page","type-page","status-publish","hentry"],"_links":{"self":[{"href":"https:\/\/rejentki.pl\/index.php\/wp-json\/wp\/v2\/pages\/44","targetHints":{"allow":["GET"]}}],"collection":[{"href":"https:\/\/rejentki.pl\/index.php\/wp-json\/wp\/v2\/pages"}],"about":[{"href":"https:\/\/rejentki.pl\/index.php\/wp-json\/wp\/v2\/types\/page"}],"author":[{"embeddable":true,"href":"https:\/\/rejentki.pl\/index.php\/wp-json\/wp\/v2\/users\/1"}],"replies":[{"embeddable":true,"href":"https:\/\/rejentki.pl\/index.php\/wp-json\/wp\/v2\/comments?post=44"}],"version-history":[{"count":3,"href":"https:\/\/rejentki.pl\/index.php\/wp-json\/wp\/v2\/pages\/44\/revisions"}],"predecessor-version":[{"id":70,"href":"https:\/\/rejentki.pl\/index.php\/wp-json\/wp\/v2\/pages\/44\/revisions\/70"}],"up":[{"embeddable":true,"href":"https:\/\/rejentki.pl\/index.php\/wp-json\/wp\/v2\/pages\/13"}],"wp:attachment":[{"href":"https:\/\/rejentki.pl\/index.php\/wp-json\/wp\/v2\/media?parent=44"}],"curies":[{"name":"wp","href":"https:\/\/api.w.org\/{rel}","templated":true}]}}