{"id":71,"date":"2026-02-28T19:01:13","date_gmt":"2026-02-28T18:01:13","guid":{"rendered":"https:\/\/rejentki.pl\/?page_id=71"},"modified":"2026-02-28T19:01:26","modified_gmt":"2026-02-28T18:01:26","slug":"sprzedaz-dzialki","status":"publish","type":"page","link":"https:\/\/rejentki.pl\/index.php\/dokumenty\/sprzedaz-dzialki\/","title":{"rendered":"SPRZEDA\u017b DZIA\u0141KI"},"content":{"rendered":"\n<p><strong>Sprzeda\u017c nieruchomo\u015bci gruntowej (dzia\u0142ki)<\/strong><\/p>\n\n\n\n<ul class=\"wp-block-list\">\n<li>Dane stron<\/li>\n\n\n\n<li>Numer ksi\u0119gi wieczystej<\/li>\n\n\n\n<li>Podstawa nabycia nieruchomo\u015bci<\/li>\n\n\n\n<li>Wypis z rejestru grunt\u00f3w<\/li>\n\n\n\n<li>Wyrys z mapy ewidencyjnej (je\u017celi wymagany)<\/li>\n\n\n\n<li>Dokumenty podzia\u0142owe (je\u017celi dzia\u0142ka z podzia\u0142u)<\/li>\n\n\n\n<li>Wypis z planu miejscowego lub za\u015bwiadczenie o jego braku<\/li>\n\n\n\n<li>Decyzja o warunkach zabudowy (je\u017celi wydana)<\/li>\n\n\n\n<li>\u015awiadectwo energetyczne (je\u017celi zabudowana)<\/li>\n<\/ul>\n","protected":false},"excerpt":{"rendered":"<p>Sprzeda\u017c nieruchomo\u015bci gruntowej (dzia\u0142ki)<\/p>\n","protected":false},"author":1,"featured_media":0,"parent":13,"menu_order":0,"comment_status":"closed","ping_status":"closed","template":"","meta":{"footnotes":""},"class_list":["post-71","page","type-page","status-publish","hentry"],"_links":{"self":[{"href":"https:\/\/rejentki.pl\/index.php\/wp-json\/wp\/v2\/pages\/71","targetHints":{"allow":["GET"]}}],"collection":[{"href":"https:\/\/rejentki.pl\/index.php\/wp-json\/wp\/v2\/pages"}],"about":[{"href":"https:\/\/rejentki.pl\/index.php\/wp-json\/wp\/v2\/types\/page"}],"author":[{"embeddable":true,"href":"https:\/\/rejentki.pl\/index.php\/wp-json\/wp\/v2\/users\/1"}],"replies":[{"embeddable":true,"href":"https:\/\/rejentki.pl\/index.php\/wp-json\/wp\/v2\/comments?post=71"}],"version-history":[{"count":1,"href":"https:\/\/rejentki.pl\/index.php\/wp-json\/wp\/v2\/pages\/71\/revisions"}],"predecessor-version":[{"id":72,"href":"https:\/\/rejentki.pl\/index.php\/wp-json\/wp\/v2\/pages\/71\/revisions\/72"}],"up":[{"embeddable":true,"href":"https:\/\/rejentki.pl\/index.php\/wp-json\/wp\/v2\/pages\/13"}],"wp:attachment":[{"href":"https:\/\/rejentki.pl\/index.php\/wp-json\/wp\/v2\/media?parent=71"}],"curies":[{"name":"wp","href":"https:\/\/api.w.org\/{rel}","templated":true}]}}