{"id":75,"date":"2026-02-28T19:03:44","date_gmt":"2026-02-28T18:03:44","guid":{"rendered":"https:\/\/rejentki.pl\/?page_id=75"},"modified":"2026-02-28T19:04:07","modified_gmt":"2026-02-28T18:04:07","slug":"dzial-spadku","status":"publish","type":"page","link":"https:\/\/rejentki.pl\/index.php\/dokumenty\/dzial-spadku\/","title":{"rendered":"DZIA\u0141 SPADKU"},"content":{"rendered":"\n<p><strong>Dzia\u0142 spadku<\/strong><\/p>\n\n\n\n<ul class=\"wp-block-list\">\n<li>Postanowienie o nabyciu spadku lub akt po\u015bwiadczenia dziedziczenia<\/li>\n\n\n\n<li>Za\u015bwiadczenie z Urz\u0119du Skarbowego<\/li>\n\n\n\n<li>Dane uczestnik\u00f3w<\/li>\n\n\n\n<li>Wykaz maj\u0105tku i numery ksi\u0105g wieczystych<\/li>\n\n\n\n<li>Spos\u00f3b podzia\u0142u maj\u0105tku<\/li>\n\n\n\n<li>Informacja o sp\u0142atach\/dop\u0142atach<\/li>\n\n\n\n<li>Warto\u015b\u0107 maj\u0105tku<\/li>\n\n\n\n<li>Informacja o osobach zameldowanych<\/li>\n<\/ul>\n","protected":false},"excerpt":{"rendered":"<p>Dzia\u0142 spadku<\/p>\n","protected":false},"author":1,"featured_media":0,"parent":13,"menu_order":0,"comment_status":"closed","ping_status":"closed","template":"","meta":{"footnotes":""},"class_list":["post-75","page","type-page","status-publish","hentry"],"_links":{"self":[{"href":"https:\/\/rejentki.pl\/index.php\/wp-json\/wp\/v2\/pages\/75","targetHints":{"allow":["GET"]}}],"collection":[{"href":"https:\/\/rejentki.pl\/index.php\/wp-json\/wp\/v2\/pages"}],"about":[{"href":"https:\/\/rejentki.pl\/index.php\/wp-json\/wp\/v2\/types\/page"}],"author":[{"embeddable":true,"href":"https:\/\/rejentki.pl\/index.php\/wp-json\/wp\/v2\/users\/1"}],"replies":[{"embeddable":true,"href":"https:\/\/rejentki.pl\/index.php\/wp-json\/wp\/v2\/comments?post=75"}],"version-history":[{"count":1,"href":"https:\/\/rejentki.pl\/index.php\/wp-json\/wp\/v2\/pages\/75\/revisions"}],"predecessor-version":[{"id":76,"href":"https:\/\/rejentki.pl\/index.php\/wp-json\/wp\/v2\/pages\/75\/revisions\/76"}],"up":[{"embeddable":true,"href":"https:\/\/rejentki.pl\/index.php\/wp-json\/wp\/v2\/pages\/13"}],"wp:attachment":[{"href":"https:\/\/rejentki.pl\/index.php\/wp-json\/wp\/v2\/media?parent=75"}],"curies":[{"name":"wp","href":"https:\/\/api.w.org\/{rel}","templated":true}]}}