{"id":79,"date":"2026-02-28T19:05:12","date_gmt":"2026-02-28T18:05:12","guid":{"rendered":"https:\/\/rejentki.pl\/?page_id=79"},"modified":"2026-02-28T19:05:33","modified_gmt":"2026-02-28T18:05:33","slug":"testament","status":"publish","type":"page","link":"https:\/\/rejentki.pl\/index.php\/dokumenty\/testament\/","title":{"rendered":"TESTAMENT"},"content":{"rendered":"\n<p><strong>Testament<\/strong><\/p>\n\n\n\n<ul class=\"wp-block-list\">\n<li>Dane testatora<\/li>\n\n\n\n<li>Dane spadkobiercy<\/li>\n\n\n\n<li>Numer ksi\u0119gi wieczystej (je\u017celi dotyczy nieruchomo\u015bci)<\/li>\n<\/ul>\n\n\n\n<p><\/p>\n","protected":false},"excerpt":{"rendered":"<p>Testament<\/p>\n","protected":false},"author":1,"featured_media":0,"parent":13,"menu_order":0,"comment_status":"closed","ping_status":"closed","template":"","meta":{"footnotes":""},"class_list":["post-79","page","type-page","status-publish","hentry"],"_links":{"self":[{"href":"https:\/\/rejentki.pl\/index.php\/wp-json\/wp\/v2\/pages\/79","targetHints":{"allow":["GET"]}}],"collection":[{"href":"https:\/\/rejentki.pl\/index.php\/wp-json\/wp\/v2\/pages"}],"about":[{"href":"https:\/\/rejentki.pl\/index.php\/wp-json\/wp\/v2\/types\/page"}],"author":[{"embeddable":true,"href":"https:\/\/rejentki.pl\/index.php\/wp-json\/wp\/v2\/users\/1"}],"replies":[{"embeddable":true,"href":"https:\/\/rejentki.pl\/index.php\/wp-json\/wp\/v2\/comments?post=79"}],"version-history":[{"count":1,"href":"https:\/\/rejentki.pl\/index.php\/wp-json\/wp\/v2\/pages\/79\/revisions"}],"predecessor-version":[{"id":80,"href":"https:\/\/rejentki.pl\/index.php\/wp-json\/wp\/v2\/pages\/79\/revisions\/80"}],"up":[{"embeddable":true,"href":"https:\/\/rejentki.pl\/index.php\/wp-json\/wp\/v2\/pages\/13"}],"wp:attachment":[{"href":"https:\/\/rejentki.pl\/index.php\/wp-json\/wp\/v2\/media?parent=79"}],"curies":[{"name":"wp","href":"https:\/\/api.w.org\/{rel}","templated":true}]}}